{"id":80,"date":"2017-07-12T15:32:32","date_gmt":"2017-07-12T22:32:32","guid":{"rendered":"https:\/\/sdpromotoresblog.wordpress.com\/?page_id=80"},"modified":"2020-02-20T10:50:43","modified_gmt":"2020-02-20T18:50:43","slug":"2017conference","status":"publish","type":"page","link":"https:\/\/www.sdcpromotores.org\/home\/adelanteconference\/2017conference\/","title":{"rendered":"2017 Conference"},"content":{"rendered":"<p>[et_pb_section fb_built=&#8221;1&#8243; fullwidth=&#8221;on&#8221; _builder_version=&#8221;3.22&#8243;][et_pb_fullwidth_header title=&#8221;2017 Adelante Promotores Conference&#8221; subhead=&#8221;\u00a1Ahora es Cuando!&#8221; content_max_width=&#8221;none&#8221; _builder_version=&#8221;4.3.2&#8243; background_color=&#8221;rgba(255, 255, 255, 0)&#8221; background_image=&#8221;https:\/\/www.sdcpromotores.org\/wp-content\/uploads\/2015\/02\/wallpr-org.jpg&#8221; hover_enabled=&#8221;0&#8243; button_one_letter_spacing_hover=&#8221;0&#8243; button_two_letter_spacing_hover=&#8221;0&#8243; saved_tabs=&#8221;all&#8221; button_one_text_size__hover_enabled=&#8221;off&#8221; button_two_text_size__hover_enabled=&#8221;off&#8221; button_one_text_color__hover_enabled=&#8221;off&#8221; button_two_text_color__hover_enabled=&#8221;off&#8221; button_one_border_width__hover_enabled=&#8221;off&#8221; button_two_border_width__hover_enabled=&#8221;off&#8221; button_one_border_color__hover_enabled=&#8221;off&#8221; button_two_border_color__hover_enabled=&#8221;off&#8221; button_one_border_radius__hover_enabled=&#8221;off&#8221; button_two_border_radius__hover_enabled=&#8221;off&#8221; button_one_letter_spacing__hover_enabled=&#8221;on&#8221; button_one_letter_spacing__hover=&#8221;0&#8243; button_two_letter_spacing__hover_enabled=&#8221;on&#8221; button_two_letter_spacing__hover=&#8221;0&#8243; button_one_bg_color__hover_enabled=&#8221;off&#8221; button_two_bg_color__hover_enabled=&#8221;off&#8221;][\/et_pb_fullwidth_header][\/et_pb_section][et_pb_section fb_built=&#8221;1&#8243; admin_label=&#8221;section&#8221; _builder_version=&#8221;3.22&#8243;][et_pb_row admin_label=&#8221;row&#8221; _builder_version=&#8221;3.25&#8243; background_size=&#8221;initial&#8221; background_position=&#8221;top_left&#8221; background_repeat=&#8221;repeat&#8221;][et_pb_column type=&#8221;4_4&#8243; _builder_version=&#8221;3.25&#8243; custom_padding=&#8221;|||&#8221; custom_padding__hover=&#8221;|||&#8221;][et_pb_text _builder_version=&#8221;3.27.4&#8243; background_size=&#8221;initial&#8221; background_position=&#8221;top_left&#8221; background_repeat=&#8221;repeat&#8221; border_style=&#8221;solid&#8221;]<\/p>\n<h3 style=\"text-align: center;\"><span style=\"color: #28cac7;\">August 11, 2017<\/span><\/h3>\n<h3 style=\"text-align: center;\"><span style=\"color: #28cac7;\">Marina Village Conference Center<\/span><\/h3>\n<h3 style=\"text-align: center;\"><a href=\"https:\/\/goo.gl\/maps\/GP1NFsCssC92\" target=\"_blank\" rel=\"noopener noreferrer\"><span style=\"color: #28cac7;\">Mission Bay Park, 1936 Quivira Way, San Diego, CA 92109<\/span><\/a><\/h3>\n<p>The purpose of the annual Adelante Promotores (Go Forward Promoters) conference is to celebrate the work of Promotores, and motivate and prepare them in their valuable and honorable work. As a result of the professional and personal nature of the Promotor(a), the conference aims to provide the tools and skills for individuals to progress in and handle the personal impacts of their work which are achieved through the conference goals: 1) increase Promotores\u2019 personal and professional skills, 2) provide resources and tools to facilitate the work of Promotores.<\/p>\n<p>The 2017 conference theme,<strong> <em>\u00a1Ahora es Cuando!\u2014the Time is Now!\u201d<\/em><\/strong>\u2014 was a \u201ccall to action\u201d\u2014and was more relevant than ever. San Diego County Promotores Coalition is about <em>advancing healthy and thriving communities<\/em>. We do this by valuing and protecting the work of all Promotores\u2014our community\u2019s essential \u2018Health Equity foot soldiers\u2019 at the front lines of prevention.<\/p>\n<p>Throughout the years, San Diego County Promotores Coalition has worked hard to champion our region\u2019s Promotores and be a relevant resource and convener for Promotores and like-minded individuals and organizations. Influencing policy, mapping best practices, advancing partnerships, creating linkages, hosting learning academies, breaking down barriers to legitimacy in the workforce and hosting the Annual Adelante Promotores Conference are examples of how the Coalition does business and gives \u201cvoice\u201d to our region\u2019s Promotores.\u00a0 More than anything else we celebrate and value the important labor of Promotores.<\/p>\n<p>So why the theme, <strong>\u201c<em>\u00a1Ahora es Cuando!\u2014the Time is Now!\u201d<\/em><\/strong><em>?<\/em> Because then (and now!) was the time to be more vigilant than ever about protecting the communities we serve and ensuring <strong><u>ALL<\/u><\/strong><u> families<\/u> have access to culturally appropriate\u2014<em>essential<\/em>\u2014health and social services.\u00a0 Therefore, we took action because \u201c<em>\u00a1Ahora es Cuando!\u2014the Time is Now, Promotores!\u201d<\/em><\/p>\n<p>\u00a0<\/p>\n<p>[\/et_pb_text][et_pb_gallery gallery_ids=&#8221;1082,1055,1056,1057,1058,1059,1060,1061,1062,1063,1064,1065,1066,1067,1068,1069,1070,1071,1072,1073,1074,1075,1076,1077,1078,1079,1080,1081,1083,1084,1085,1086,1087,1088&#8243; gallery_orderby=&#8221;rand&#8221; posts_number=&#8221;34&#8243; show_title_and_caption=&#8221;off&#8221; show_pagination=&#8221;off&#8221; zoom_icon_color=&#8221;#9f111b&#8221; admin_label=&#8221;Gallery 2017 Adelante Promotores Conference&#8221; _builder_version=&#8221;3.11.1&#8243;][\/et_pb_gallery][et_pb_code]<\/p>\n<div style=\"width:100%; text-align:left;\"><iframe loading=\"lazy\" src=\"\/\/eventbrite.com\/tickets-external?eid=34759963988&#038;ref=etckt\" frameborder=\"0\" height=\"400\" width=\"100%\" vspace=\"0\" hspace=\"0\" marginheight=\"5\" marginwidth=\"5\" scrolling=\"auto\" allowtransparency=\"true\"><\/iframe><\/p>\n<div style=\"font-family:Helvetica, Arial; font-size:12px; padding:10px 0 5px; margin:2px; width:100%; text-align:left;\" ><a class=\"powered-by-eb\" style=\"color: #FFFFFF; text-decoration: none;\" target=\"_blank\" href=\"http:\/\/www.eventbrite.com\/\" rel=\"noopener noreferrer\">Powered by Eventbrite<\/a><\/div>\n<\/div>\n<p>[\/et_pb_code][\/et_pb_column][\/et_pb_row][et_pb_row _builder_version=&#8221;3.25&#8243; background_size=&#8221;initial&#8221; background_position=&#8221;top_left&#8221; background_repeat=&#8221;repeat&#8221; column_structure=&#8221;1_2,1_2&#8243;][et_pb_column type=&#8221;1_2&#8243; _builder_version=&#8221;3.25&#8243; custom_padding=&#8221;|||&#8221; custom_padding__hover=&#8221;|||&#8221;][et_pb_image src=&#8221;http:\/\/www.sdcpromotores.org\/wp-content\/uploads\/2017\/07\/RegistrationPacket-English-1_Page_3.jpg&#8221; align_tablet=&#8221;center&#8221; align_last_edited=&#8221;on|desktop&#8221; _builder_version=&#8221;3.23&#8243; animation_style=&#8221;slide&#8221; animation_direction=&#8221;left&#8221; animation_duration=&#8221;500ms&#8221; animation_intensity_slide=&#8221;10%&#8221; border_style=&#8221;solid&#8221; sticky=&#8221;off&#8221; always_center_on_mobile=&#8221;on&#8221;][\/et_pb_image][\/et_pb_column][et_pb_column type=&#8221;1_2&#8243; _builder_version=&#8221;3.25&#8243; custom_padding=&#8221;|||&#8221; custom_padding__hover=&#8221;|||&#8221;][et_pb_image src=&#8221;http:\/\/www.sdcpromotores.org\/wp-content\/uploads\/2017\/07\/RegistrationPacket-English-1_Page_4.jpg&#8221; align_tablet=&#8221;center&#8221; align_last_edited=&#8221;on|desktop&#8221; _builder_version=&#8221;3.23&#8243; animation_style=&#8221;slide&#8221; animation_direction=&#8221;left&#8221; animation_duration=&#8221;500ms&#8221; animation_intensity_slide=&#8221;10%&#8221; border_style=&#8221;solid&#8221; sticky=&#8221;off&#8221; always_center_on_mobile=&#8221;on&#8221;][\/et_pb_image][\/et_pb_column][\/et_pb_row][\/et_pb_section]<\/p>\n","protected":false},"excerpt":{"rendered":"<p>August 11, 2017Marina Village Conference CenterMission Bay Park, 1936 Quivira Way, San Diego, CA 92109The purpose of the annual Adelante Promotores (Go Forward Promoters) conference is to celebrate the work of Promotores, and motivate and prepare them in their valuable and honorable work. As a result of the professional and personal nature of the Promotor(a), [&hellip;]<\/p>\n","protected":false},"author":2,"featured_media":0,"parent":410,"menu_order":2,"comment_status":"closed","ping_status":"closed","template":"","meta":{"_et_pb_use_builder":"on","_et_pb_old_content":"<h1 style=\"text-align: center;\"><span style=\"color: #28cac7;\"><strong>2016 Adelante Promotores Conference<\/strong><\/span><\/h1><h2 style=\"text-align: center;\"><span style=\"color: #800000;\">\"\u00a1La Lucha Sigue... Adelante Promotores!\"<\/span><\/h2><h3 style=\"text-align: center;\"><span style=\"color: #000000;\"><strong>Thursday, September\u00a029, 2016\/ Jueves, 29 de septiembre, 2016<br \/> 8am to\/a 4:30pm<br \/> Jacobs Center for Neighborhood Innovation<br \/> 404 Euclid Ave, San Diego, CA 92114<\/strong><\/span><\/h3><p style=\"text-align: center;\"><span style=\"color: #000000;\">Registration: $15 | Late Registration $20<\/span><\/p><p style=\"text-align: center;\"><span style=\"color: #000000;\">On behalf of the San Diego County Promotores Coalition (SDCPC), and as part of Binational Health Week\/US-Mexico Border Health Month, we invite you to join us for the 2016 Adelante Promotores Conference from 8:00am to 4:30pm on Thursday, September 29, 2016 at the Jacobs Center for Neighborhood Innovation.<\/span><\/p><p style=\"text-align: center;\"><span style=\"color: #000000;\"><em>**Please note: The plenary sessions may be in Spanish, however translation will be available for those who indicate it on their registration**<\/em><\/span><\/p><p style=\"text-align: center;\"><span style=\"color: #000000;\">Please join us for the <strong>2016 Adelante Promotores Conference: \u201c\u00a1La Lucha Sigue\u2026 Adelante Promotores!<\/strong>\u201d (The Struggle Continues\u2026 Move Forward Promotores!) This one-day conference is tailored for, but not limited to, Promotores de Salud\/Community Health Workers.<\/span><\/p><p style=\"text-align: center;\"><span style=\"color: #000000;\"><strong>Keynote Speaker:<\/strong><\/span><br \/> <span style=\"color: #000000;\"> America Bracho<\/span><br \/> <span style=\"color: #000000;\"> President & CEO, Latino Health Access<\/span><\/p><p style=\"text-align: center;\"><span style=\"color: #000000;\">The annual Adelante Conference is a celebration of the commitment, heart and work of the Promotor(a) and aims to increase the professional and interpersonal capabilities of Promotores by teaching various professional and personal skills as well as increasing their knowledge on various health related topics affecting our communities.<\/span><\/p><p style=\"text-align: center;\"><span style=\"color: #000000;\">During the Professional and Personal Development workshops, attendees participate in one workshop with a focus on professional skills and another with a focus on personal skills. Space is limited so please register early and select workshops accordingly.<\/span><\/p><p style=\"text-align: center;\"><span style=\"color: #000000;\">For more information, please contact the SDCPC\u00a0at sdcpromotores@gmail.com\u00a0or at (619) 427-2119\u00a0<\/span><\/p><p style=\"text-align: center;\"><em>Please refer to the <a href=\"https:\/\/sdpromotoresblog.files.wordpress.com\/2016\/08\/registrationpacket1.docx\">Registration Packet<\/a> for more information on Professional and Personal Development Workshops.<\/em><\/p><p style=\"text-align: center;\">To register, please fill out a <a href=\"https:\/\/sdpromotoresblog.files.wordpress.com\/2016\/08\/registrationpacket1.docx\">Registration Packet<\/a>\u00a0and follow the instructions on page 3 or register online <a href=\"http:\/\/www.eventbrite.com\/e\/2016-adelante-promotores-conference-tickets-26472224135?aff=eac2\">here!<\/a><\/p><p style=\"text-align: center;\">_________________________________________________________________<\/p><h1 style=\"text-align: center;\"><span style=\"color: #28cac7;\"><strong><em>\u00a1Conferencia Adelante Promotores 2016!<\/em><\/strong><\/span><\/h1><h2 style=\"text-align: center;\"><span style=\"color: #800000;\">\u201c\u00a1La Lucha Sigue\u2026 Adelante Promotores!\u201d<\/span><\/h2><h3 style=\"text-align: center;\"><span style=\"color: #000000;\"><strong>En nombre de la Coalici\u00f3n de Promotores del Condado de San Diego (SDCPC) y como parte de la Semana Binacional de Salud\/Mes De Salud Fronteriza M\u00e9xico-Estados Unidos, le invitamos a que nos acompa\u00f1e\u00a0 en la Conferencia Adelante Promotores 2016 el jueves 29 de septiembre de 8:00am a 4:30pm en el <em>Jacobs Center for Neighborhood Innovation, 404 Euclid Ave, San Diego, CA 92114<\/em>.<\/strong><\/span><\/h3><p style=\"text-align: center;\"><span style=\"color: #000000;\"><em>Le invitamos a que nos acompa\u00f1e en la Conferencia Adelante Promotores 2016: \u201c<\/em>\u00a1La Lucha Sigue\u2026 Adelante Promotores!\u201d Esta Conferencia de un d\u00eda es para Promotores y Trabajadores de Salud Comunitarios as\u00ed como otras personas interesadas en trabajar para una mejor comunidad.<\/span><\/p><p style=\"text-align: center;\"><span style=\"color: #000000;\"><strong>Orador Principal:<\/strong><br \/> Am\u00e9rica Bracho<br \/> Presidente y CEO de Latino Health Access<\/span><\/p><p style=\"text-align: center;\"><span style=\"color: #000000;\">La Conferencia anual Adelante Promotores es en celebraci\u00f3n al compromiso, coraz\u00f3n, y trabajo de los Promotores y tiene como objetivo el incrementar las capacidades profesionales y personales de los Promotores al ense\u00f1ar varias habilidades profesionales y personales as\u00ed como incrementar el conocimiento sobre varios temas de salud que est\u00e1n afectando a nuestras comunidades.<\/span><\/p><p style=\"text-align: center;\"><span style=\"color: #000000;\">Durante los talleres, los participantes podr\u00e1n asistir a un taller en el tema de desarrollo profesional y otro en el tema de desarrollo personal.\u00a0 Un taller por la ma\u00f1ana y un taller por la tarde.\u00a0 En su registro debe anotar cual taller escogi\u00f3.\u00a0 El espacio es limitado as\u00ed que por favor reg\u00edstrese pronto para que seleccione sus talleres.<\/span><\/p><p style=\"text-align: center;\"><span style=\"color: #000000;\">Para mayor informaci\u00f3n, por favor comun\u00edquese con la Coalici\u00f3n de Promotores del Condado de San Diego por correo electr\u00f3nico al sdcpromotores@gmail.com o por tel\u00e9fono al (619) 567-6653.<\/span><\/p><p style=\"text-align: center;\"><em>Por favor consulte el <a href=\"http:\/\/67.225.140.93\/~sdcpromo\/wp-content\/uploads\/2016\/08\/registrationpacket_esp.docx\">Paquete de Registro<\/a> para m\u00e1s informaci\u00f3n sobre los Talleres de Desarrollo Personal y Profesional.<\/em><\/p><p>Para registrarse, por favor llene un <a href=\"http:\/\/67.225.140.93\/~sdcpromo\/wp-content\/uploads\/2016\/08\/registrationpacket_esp.docx\">Paquete de Registro<\/a> y siga las instrucciones en la p\u00e1gina 3 o registrese en linea <a href=\"http:\/\/www.eventbrite.com\/e\/2016-adelante-promotores-conference-tickets-26472224135?aff=eac2\">\u00a1aqui!<\/a><\/p><p>\u00a0<\/p><p><span style=\"color: #000000;\">Thank you to our partners\/Muchas gracias a nuestros patrocinadores:<\/span><\/p><p><img class=\"size-medium wp-image-451 alignleft\" src=\"http:\/\/67.225.140.93\/~sdcpromo\/wp-content\/uploads\/2016\/07\/bethere_l_horiz4c.jpg?w=300\" alt=\"bethere_l_horiz4c\" width=\"300\" height=\"143\" \/> <img class=\"size-medium wp-image-449 alignleft\" src=\"http:\/\/67.225.140.93\/~sdcpromo\/wp-content\/uploads\/2016\/07\/lwsd_partner_pair_hhsa.png?w=300\" alt=\"LWSD_PARTNER_PAIR_HHSA\" width=\"300\" height=\"124\" \/><img class=\"size-full wp-image-450 alignleft\" src=\"http:\/\/67.225.140.93\/~sdcpromo\/wp-content\/uploads\/2016\/07\/ehib_logo.gif\" alt=\"ehib_logo\" width=\"199\" height=\"70\" \/><\/p><p style=\"text-align: left;\"><img class=\" wp-image-448\" src=\"http:\/\/67.225.140.93\/~sdcpromo\/wp-content\/uploads\/2016\/07\/cblogo.jpg?w=298\" alt=\"CBLogo\" width=\"140\" height=\"141\" \/><\/p>","_et_gb_content_width":"","footnotes":""},"class_list":["post-80","page","type-page","status-publish","hentry"],"_links":{"self":[{"href":"https:\/\/www.sdcpromotores.org\/home\/wp-json\/wp\/v2\/pages\/80","targetHints":{"allow":["GET"]}}],"collection":[{"href":"https:\/\/www.sdcpromotores.org\/home\/wp-json\/wp\/v2\/pages"}],"about":[{"href":"https:\/\/www.sdcpromotores.org\/home\/wp-json\/wp\/v2\/types\/page"}],"author":[{"embeddable":true,"href":"https:\/\/www.sdcpromotores.org\/home\/wp-json\/wp\/v2\/users\/2"}],"replies":[{"embeddable":true,"href":"https:\/\/www.sdcpromotores.org\/home\/wp-json\/wp\/v2\/comments?post=80"}],"version-history":[{"count":1,"href":"https:\/\/www.sdcpromotores.org\/home\/wp-json\/wp\/v2\/pages\/80\/revisions"}],"predecessor-version":[{"id":2424,"href":"https:\/\/www.sdcpromotores.org\/home\/wp-json\/wp\/v2\/pages\/80\/revisions\/2424"}],"up":[{"embeddable":true,"href":"https:\/\/www.sdcpromotores.org\/home\/wp-json\/wp\/v2\/pages\/410"}],"wp:attachment":[{"href":"https:\/\/www.sdcpromotores.org\/home\/wp-json\/wp\/v2\/media?parent=80"}],"curies":[{"name":"wp","href":"https:\/\/api.w.org\/{rel}","templated":true}]}}